{"id":96,"date":"2025-10-02T14:03:36","date_gmt":"2025-10-02T14:03:36","guid":{"rendered":"https:\/\/elpalaciodelrey1.org\/?page_id=96"},"modified":"2025-10-03T18:01:29","modified_gmt":"2025-10-03T18:01:29","slug":"contacto","status":"publish","type":"page","link":"https:\/\/elpalaciodelrey1.org\/index.php\/contacto\/","title":{"rendered":"Contacto"},"content":{"rendered":"  <section class=\"epr-contacto-oracion alignfull\" aria-labelledby=\"epr-title\">\r\n    <style>\r\n      .epr-contacto-oracion{\r\n        --azul:#0B1E7A; --azul-osc:#0a1a66; --blanco:#fff; --texto:#eef2ff;\r\n        --borde:#e9ecff; --label:#24368c; --texto-oscuro:#1b2a7a;\r\n        background:linear-gradient(180deg,var(--azul) 0%,var(--azul-osc) 100%);\r\n        color:var(--texto); padding:56px 0; width:100%; text-align:left;\r\n      }\r\n      .epr-contacto-oracion *{ box-sizing:border-box; }\r\n      .epr-contacto-oracion .wrap{\r\n        max-width:1100px; margin:0 auto; padding:0 20px;\r\n        display:grid; grid-template-columns:1fr 1fr; gap:24px; align-items:start;\r\n      }\r\n      .epr-contacto-oracion .card{\r\n        background:var(--blanco); color:var(--azul); border-radius:16px; padding:22px;\r\n        box-shadow:0 12px 34px rgba(0,0,0,.22); border:1px solid var(--borde);\r\n      }\r\n      .epr-contacto-oracion h2{margin:0 0 10px;font-size:clamp(1.6rem,2.6vw,2.2rem);color:#fff}\r\n      .epr-contacto-oracion .lead{margin:0 0 18px;opacity:.95}\r\n      .epr-contacto-oracion label{display:block;font-weight:600;margin:0 0 8px;color:var(--label)}\r\n      .epr-contacto-oracion .row{display:grid;grid-template-columns:1fr 1fr;gap:14px}\r\n      .epr-contacto-oracion input[type=\"text\"],\r\n      .epr-contacto-oracion input[type=\"email\"],\r\n      .epr-contacto-oracion input[type=\"tel\"],\r\n      .epr-contacto-oracion select,.epr-contacto-oracion textarea{\r\n        width:100%; border:1px solid #dfe4ff; border-radius:10px; padding:12px; background:#fff; color:var(--texto-oscuro);\r\n        transition:border-color .15s, box-shadow .15s; font:inherit; outline:none;\r\n      }\r\n      .epr-contacto-oracion input::placeholder,.epr-contacto-oracion textarea::placeholder{color:#8a94c4}\r\n      .epr-contacto-oracion textarea{min-height:140px; resize:vertical}\r\n      .epr-contacto-oracion input:focus, .epr-contacto-oracion select:focus, .epr-contacto-oracion textarea:focus{\r\n        border-color:#bfc9ff; box-shadow:0 0 0 3px rgba(11,30,122,.12);\r\n      }\r\n      .epr-contacto-oracion .acciones{display:flex;gap:10px;flex-wrap:wrap;margin-top:10px}\r\n      .epr-contacto-oracion .btn{appearance:none;border:0;cursor:pointer;background:var(--azul);color:#fff;font-weight:700;padding:12px 16px;border-radius:10px;text-decoration:none;display:inline-flex;align-items:center;gap:8px;transition:transform .15s,box-shadow .15s}\r\n      .epr-contacto-oracion .btn:hover,.epr-contacto-oracion .btn:focus-visible{transform:translateY(-1px);box-shadow:0 10px 24px rgba(0,0,0,.22);outline:none}\r\n      .epr-contacto-oracion .ok{display:none;margin-top:12px;background:#e8fff1;color:#135d2c;border:1px solid #b8f3cf;border-radius:10px;padding:12px}\r\n      .epr-contacto-oracion .err{display:none;margin-top:12px;background:#fff1f1;color:#7a1620;border:1px solid #ffd3d6;border-radius:10px;padding:12px}\r\n      @media (max-width:900px){ .epr-contacto-oracion .wrap{grid-template-columns:1fr} .epr-contacto-oracion{padding:42px 0} }\r\n      @media (max-width:560px){ .epr-contacto-oracion .row{grid-template-columns:1fr} .epr-contacto-oracion{padding:32px 0} .epr-contacto-oracion .card{padding:18px} }\r\n    <\/style>\r\n\r\n    <div class=\"wrap\">\r\n      <!-- Info -->\r\n      <div>\r\n        <h2 id=\"epr-title\">Contacto & Pedido de Oraci\u00f3n<\/h2>\r\n        <p class=\"lead\">Estamos para acompa\u00f1arte. Si dese\u00e1s <strong>visita pastoral<\/strong>, complet\u00e1 tu direcci\u00f3n.<\/p>\r\n        <div class=\"card\">\r\n          <p><strong>El Palacio del Rey I<\/strong><\/p>\r\n          <p>Belgrano 740 \u00b7 Candelaria \u00b7 Misiones<\/p>\r\n                      <p>Email: <a href=\"mailto:contacto@elpalaciodelrey1.org\">contacto@elpalaciodelrey1.org<\/a><\/p>\r\n                                <p>WhatsApp: <a href=\"https:\/\/wa.me\/5493764222690\" target=\"_blank\" rel=\"noopener\">+54 9 3764 222 690<\/a><\/p>\r\n                  <\/div>\r\n      <\/div>\r\n\r\n      <!-- Formulario -->\r\n      <div class=\"card\" aria-label=\"Formulario de pedido de oraci\u00f3n\">\r\n        <form method=\"post\" action=\"https:\/\/elpalaciodelrey1.org\/wp-admin\/admin-post.php\">\r\n          <input type=\"hidden\" id=\"epr_nonce\" name=\"epr_nonce\" value=\"04bcaa3f50\" \/><input type=\"hidden\" name=\"_wp_http_referer\" value=\"\/index.php\/wp-json\/wp\/v2\/pages\/96\" \/>          <input type=\"hidden\" name=\"action\" value=\"epr_submit\">\r\n          <!-- Honeypot -->\r\n          <input type=\"text\" name=\"website\" tabindex=\"-1\" autocomplete=\"off\" style=\"position:absolute;left:-9999px\" aria-hidden=\"true\">\r\n\r\n          <div class=\"row\">\r\n            <div>\r\n              <label for=\"epr_nombre\">Nombre y apellido *<\/label>\r\n              <input id=\"epr_nombre\" name=\"nombre\" type=\"text\" required placeholder=\"Tu nombre\">\r\n            <\/div>\r\n            <div>\r\n              <label for=\"epr_categoria\">Motivo<\/label>\r\n              <select id=\"epr_categoria\" name=\"categoria\">\r\n                <option value=\"\" selected>Seleccion\u00e1 una opci\u00f3n<\/option>\r\n                <option>Salud<\/option><option>Familia<\/option><option>Finanzas<\/option>\r\n                <option>Trabajo<\/option><option>Ministerio<\/option><option>Otros<\/option>\r\n              <\/select>\r\n            <\/div>\r\n          <\/div>\r\n\r\n          <div class=\"row\">\r\n            <div>\r\n              <label for=\"epr_email\">Email (opcional)<\/label>\r\n              <input id=\"epr_email\" name=\"email\" type=\"email\" placeholder=\"tucorreo@ejemplo.com\">\r\n            <\/div>\r\n            <div>\r\n              <label for=\"epr_tel\">Tel\u00e9fono \/ WhatsApp (opcional)<\/label>\r\n              <input id=\"epr_tel\" name=\"tel\" type=\"tel\" placeholder=\"+54 9 ...\">\r\n            <\/div>\r\n          <\/div>\r\n\r\n          <div>\r\n            <label for=\"epr_pedido\">Tu pedido de oraci\u00f3n *<\/label>\r\n            <textarea id=\"epr_pedido\" name=\"pedido\" required placeholder=\"Contanos brevemente por qu\u00e9 quer\u00e9s que oremos...\"><\/textarea>\r\n          <\/div>\r\n\r\n          <!-- Visita pastoral + Direcci\u00f3n -->\r\n          <label style=\"display:flex;gap:10px;align-items:flex-start;margin-top:.5rem\">\r\n            <input type=\"checkbox\" id=\"epr_visita\" name=\"visita\" value=\"1\">\r\n            <span>Quiero una <strong>visita pastoral<\/strong> a domicilio<\/span>\r\n          <\/label>\r\n\r\n          <div id=\"epr_dir_block\" style=\"display:none;background:#f7f9ff;border:1px solid #e6ebff;border-radius:12px;padding:14px;margin-top:8px\">\r\n            <div class=\"row\">\r\n              <div>\r\n                <label for=\"epr_direccion\">Direcci\u00f3n (calle y n\u00famero) *<\/label>\r\n                <input id=\"epr_direccion\" name=\"direccion\" type=\"text\" placeholder=\"Ej: Belgrano 740\">\r\n              <\/div>\r\n              <div>\r\n                <label for=\"epr_barrio\">Barrio<\/label>\r\n                <input id=\"epr_barrio\" name=\"barrio\" type=\"text\" placeholder=\"(opcional)\">\r\n              <\/div>\r\n            <\/div>\r\n            <div class=\"row\">\r\n              <div>\r\n                <label for=\"epr_localidad\">Localidad *<\/label>\r\n                <input id=\"epr_localidad\" name=\"localidad\" type=\"text\" placeholder=\"Ej: Candelaria\">\r\n              <\/div>\r\n              <div>\r\n                <label for=\"epr_provincia\">Provincia *<\/label>\r\n                <input id=\"epr_provincia\" name=\"provincia\" type=\"text\" placeholder=\"Ej: Misiones\">\r\n              <\/div>\r\n            <\/div>\r\n            <div>\r\n              <label for=\"epr_referencias\">Referencias (c\u00f3mo llegar)<\/label>\r\n              <textarea id=\"epr_referencias\" name=\"referencias\" placeholder=\"Puntos de referencia, entre calles, etc.\"><\/textarea>\r\n            <\/div>\r\n            <p style=\"font-size:.92rem;opacity:.8;margin-top:6px\">Usaremos esta info solo para coordinar la visita.<\/p>\r\n          <\/div>\r\n\r\n          <!-- Campos extra (desde Ajustes \/ JSON, opcional) -->\r\n          \r\n          <!-- Captcha matem\u00e1tico (siempre activo) -->\r\n          <div style=\"margin-top:10px\">\r\n            <label for=\"epr_math\">Verificaci\u00f3n anti-spam: \u00bfCu\u00e1nto es 6 + 8? *<\/label>\r\n            <input id=\"epr_math\" name=\"epr_math\" type=\"text\" placeholder=\"Resultado\">\r\n            <input type=\"hidden\" name=\"epr_math_a\" value=\"6\">\r\n            <input type=\"hidden\" name=\"epr_math_b\" value=\"8\">\r\n            <input type=\"hidden\" name=\"epr_math_sig\" value=\"859204a55557e0ffe22e44235aaa3558\">\r\n          <\/div>\r\n\r\n          <label style=\"display:flex;gap:10px;align-items:flex-start;margin-top:.5rem\">\r\n            <input type=\"checkbox\" name=\"confidencial\" value=\"1\" checked>\r\n            <span>Quiero que mi pedido sea <strong>confidencial<\/strong> (solo el equipo de oraci\u00f3n).<\/span>\r\n          <\/label>\r\n          <label style=\"display:flex;gap:10px;align-items:flex-start;margin-top:.5rem\">\r\n            <input type=\"checkbox\" name=\"contacto\" value=\"1\">\r\n            <span>Autorizo a que me contacten para acompa\u00f1amiento.<\/span>\r\n          <\/label>\r\n\r\n          <div class=\"acciones\">\r\n            <!-- UN SOLO BOT\u00d3N -->\r\n            <button type=\"button\" class=\"btn\" id=\"epr-send\">\ud83d\ude4f Enviar<\/button>\r\n          <\/div>\r\n        <\/form>\r\n\r\n        <div id=\"epr-ok\" class=\"ok\">\u00a1Gracias! Recibimos tu pedido.<\/div>\r\n        <div id=\"epr-err\" class=\"err\">Revis\u00e1 que el nombre, el pedido y la verificaci\u00f3n anti-spam est\u00e9n completos.<\/div>\r\n      <\/div>\r\n    <\/div>\r\n\r\n    <script>\r\n      (function(){\r\n        const form = document.querySelector('.epr-contacto-oracion form');\r\n        const btn  = document.getElementById('epr-send');\r\n        const ok   = document.getElementById('epr-ok');\r\n        const err  = document.getElementById('epr-err');\r\n        const visChk = document.getElementById('epr_visita');\r\n        const dirBox = document.getElementById('epr_dir_block');\r\n        const reqIfVis = ['epr_direccion','epr_localidad','epr_provincia'];\r\n\r\n        const waEnabled = true;\r\n        const waNumber  = \"5493764222690\";\r\n\r\n        function toggleDirRequired(on){\r\n          dirBox.style.display = on ? 'block' : 'none';\r\n          reqIfVis.forEach(id=>{\r\n            const el = document.getElementById(id);\r\n            if(!el) return;\r\n            if(on){ el.setAttribute('required','required'); }\r\n            else { el.removeAttribute('required'); }\r\n          });\r\n        }\r\n        if (visChk){ visChk.addEventListener('change', ()=> toggleDirRequired(visChk.checked)); }\r\n\r\n        const val = id => (document.getElementById(id)?.value || '').trim();\r\n        const isChecked = name => { const el = document.querySelector('input[name=\"'+name+'\"]'); return el ? !!el.checked : false; };\r\n\r\n        function buildWAtext(){\r\n          const nombre = val('epr_nombre');\r\n          const cat    = val('epr_categoria');\r\n          const email  = val('epr_email');\r\n          const tel    = val('epr_tel');\r\n          const pedido = val('epr_pedido');\r\n          const confid = isChecked('confidencial') ? 'S\u00ed' : 'No';\r\n          const contact= isChecked('contacto') ? 'S\u00ed' : 'No';\r\n          const visita = document.getElementById('epr_visita')?.checked ? 'S\u00ed' : 'No';\r\n\r\n          const direccion = val('epr_direccion');\r\n          const barrio    = val('epr_barrio');\r\n          const localidad = val('epr_localidad');\r\n          const provincia = val('epr_provincia');\r\n          const referencias = val('epr_referencias');\r\n\r\n          const extras=[];\r\n          form.querySelectorAll('[data-epr-extra=\"1\"]').forEach(el=>{\r\n            const lbl = el.getAttribute('data-label') || (el.name||'').replace(\/^extra\\[|\\]$\/g,'');\r\n            const value = (el.tagName==='SELECT') ? (el.value||'') : (el.value||'');\r\n            if(value) extras.push(lbl+': '+value);\r\n          });\r\n\r\n          let text = \"Nuevo pedido de oraci\u00f3n\\n-----------------------\\n\"+\r\n            \"Nombre: \"+nombre+\"\\n\"+\r\n            (cat ? \"Motivo: \"+cat+\"\\n\" : \"\")+\r\n            (email ? \"Email: \"+email+\"\\n\" : \"\")+\r\n            (tel ? \"Tel\/WhatsApp: \"+tel+\"\\n\" : \"\")+\r\n            \"Visita pastoral: \"+visita+\"\\n\";\r\n\r\n          const hasDir = direccion || barrio || localidad || provincia || referencias;\r\n          if (hasDir){\r\n            text += \"Direcci\u00f3n:\\n\";\r\n            if(direccion) text += \" - Direcci\u00f3n: \"+direccion+\"\\n\";\r\n            if(barrio)    text += \" - Barrio: \"+barrio+\"\\n\";\r\n            if(localidad) text += \" - Localidad: \"+localidad+\"\\n\";\r\n            if(provincia) text += \" - Provincia: \"+provincia+\"\\n\";\r\n            if(referencias) text += \" - Referencias: \"+referencias+\"\\n\";\r\n            const addrQuery = encodeURIComponent([direccion,barrio,localidad,provincia].filter(Boolean).join(' '));\r\n            text += \"Maps: https:\/\/www.google.com\/maps\/search\/?api=1&query=\"+addrQuery+\"\\n\";\r\n          }\r\n\r\n          if (extras.length){\r\n            text += \"Extra:\\n- \"+extras.join(\"\\n- \")+\"\\n\";\r\n          }\r\n\r\n          text += \"Confidencial: \"+confid+\"\\n\"+\r\n                  \"Autoriza contacto: \"+contact+\"\\n\\n\"+\r\n                  \"Pedido:\\n\"+pedido;\r\n\r\n          return encodeURIComponent(text);\r\n        }\r\n\r\n        async function sendToServer(){\r\n          const fd = new FormData(form);\r\n          const res = await fetch(form.action, { method:'POST', body:fd, credentials:'same-origin' });\r\n          if(!res.ok) throw new Error('Error al enviar');\r\n        }\r\n\r\n        btn.addEventListener('click', async function(){\r\n          ok.style.display = 'none';\r\n          err.style.display = 'none';\r\n\r\n          const nombre = val('epr_nombre');\r\n          const pedido = val('epr_pedido');\r\n          const hp = form.querySelector('input[name=\"website\"]');\r\n          if (hp && hp.value) return;\r\n\r\n          if (document.getElementById('epr_visita')?.checked){\r\n            if (!val('epr_direccion') || !val('epr_localidad') || !val('epr_provincia')){ err.style.display='block'; return; }\r\n          }\r\n          if(!nombre || !pedido || !val('epr_math')){ err.style.display = 'block'; return; }\r\n\r\n          try{\r\n            if(waEnabled){\r\n              const waUrl = \"https:\/\/wa.me\/\" + waNumber + \"?text=\" + buildWAtext();\r\n              window.open(waUrl, '_blank', 'noopener');\r\n            }\r\n            await sendToServer();\r\n            ok.style.display = 'block';\r\n            form.reset();\r\n            toggleDirRequired(false);\r\n          }catch(e){\r\n            err.style.display = 'block';\r\n            console.error(e);\r\n          }\r\n        });\r\n      })();\r\n    <\/script>\r\n  <\/section>\r\n  \n","protected":false},"excerpt":{"rendered":"","protected":false},"author":1,"featured_media":0,"parent":0,"menu_order":0,"comment_status":"closed","ping_status":"closed","template":"","meta":{"site-sidebar-layout":"default","site-content-layout":"","ast-site-content-layout":"default","site-content-style":"default","site-sidebar-style":"default","ast-global-header-display":"","ast-banner-title-visibility":"","ast-main-header-display":"","ast-hfb-above-header-display":"","ast-hfb-below-header-display":"","ast-hfb-mobile-header-display":"","site-post-title":"disabled","ast-breadcrumbs-content":"","ast-featured-img":"","footer-sml-layout":"","ast-disable-related-posts":"","theme-transparent-header-meta":"","adv-header-id-meta":"","stick-header-meta":"","header-above-stick-meta":"","header-main-stick-meta":"","header-below-stick-meta":"","astra-migrate-meta-layouts":"default","ast-page-background-enabled":"default","ast-page-background-meta":{"desktop":{"background-color":"var(--ast-global-color-5)","background-image":"","background-repeat":"repeat","background-position":"center center","background-size":"auto","background-attachment":"scroll","background-type":"","background-media":"","overlay-type":"","overlay-color":"","overlay-opacity":"","overlay-gradient":""},"tablet":{"background-color":"","background-image":"","background-repeat":"repeat","background-position":"center center","background-size":"auto","background-attachment":"scroll","background-type":"","background-media":"","overlay-type":"","overlay-color":"","overlay-opacity":"","overlay-gradient":""},"mobile":{"background-color":"","background-image":"","background-repeat":"repeat","background-position":"center center","background-size":"auto","background-attachment":"scroll","background-type":"","background-media":"","overlay-type":"","overlay-color":"","overlay-opacity":"","overlay-gradient":""}},"ast-content-background-meta":{"desktop":{"background-color":"var(--ast-global-color-4)","background-image":"","background-repeat":"repeat","background-position":"center center","background-size":"auto","background-attachment":"scroll","background-type":"","background-media":"","overlay-type":"","overlay-color":"","overlay-opacity":"","overlay-gradient":""},"tablet":{"background-color":"var(--ast-global-color-4)","background-image":"","background-repeat":"repeat","background-position":"center center","background-size":"auto","background-attachment":"scroll","background-type":"","background-media":"","overlay-type":"","overlay-color":"","overlay-opacity":"","overlay-gradient":""},"mobile":{"background-color":"var(--ast-global-color-4)","background-image":"","background-repeat":"repeat","background-position":"center center","background-size":"auto","background-attachment":"scroll","background-type":"","background-media":"","overlay-type":"","overlay-color":"","overlay-opacity":"","overlay-gradient":""}},"footnotes":""},"class_list":["post-96","page","type-page","status-publish","hentry"],"_links":{"self":[{"href":"https:\/\/elpalaciodelrey1.org\/index.php\/wp-json\/wp\/v2\/pages\/96","targetHints":{"allow":["GET"]}}],"collection":[{"href":"https:\/\/elpalaciodelrey1.org\/index.php\/wp-json\/wp\/v2\/pages"}],"about":[{"href":"https:\/\/elpalaciodelrey1.org\/index.php\/wp-json\/wp\/v2\/types\/page"}],"author":[{"embeddable":true,"href":"https:\/\/elpalaciodelrey1.org\/index.php\/wp-json\/wp\/v2\/users\/1"}],"replies":[{"embeddable":true,"href":"https:\/\/elpalaciodelrey1.org\/index.php\/wp-json\/wp\/v2\/comments?post=96"}],"version-history":[{"count":23,"href":"https:\/\/elpalaciodelrey1.org\/index.php\/wp-json\/wp\/v2\/pages\/96\/revisions"}],"predecessor-version":[{"id":130,"href":"https:\/\/elpalaciodelrey1.org\/index.php\/wp-json\/wp\/v2\/pages\/96\/revisions\/130"}],"wp:attachment":[{"href":"https:\/\/elpalaciodelrey1.org\/index.php\/wp-json\/wp\/v2\/media?parent=96"}],"curies":[{"name":"wp","href":"https:\/\/api.w.org\/{rel}","templated":true}]}}